{"id":20,"date":"2025-03-28T16:05:29","date_gmt":"2025-03-28T19:05:29","guid":{"rendered":"https:\/\/innovacon.simplificandotuweb.com\/?page_id=20"},"modified":"2025-12-26T02:21:32","modified_gmt":"2025-12-26T01:21:32","slug":"declaracio-daccessibilitat","status":"publish","type":"page","link":"https:\/\/abbicampers.com\/es\/declaracio-daccessibilitat\/","title":{"rendered":"Declaraci\u00f3 d\u2019accessibilitat"},"content":{"rendered":"<div data-elementor-type=\"wp-page\" data-elementor-id=\"20\" class=\"elementor elementor-20\" data-elementor-post-type=\"page\">\n\t\t\t\t<div class=\"elementor-element elementor-element-bb0b22f e-flex e-con-boxed e-con e-parent\" data-id=\"bb0b22f\" data-element_type=\"container\" data-settings=\"{&quot;background_background&quot;:&quot;classic&quot;}\">\n\t\t\t\t\t<div class=\"e-con-inner\">\n\t\t\t\t<div class=\"elementor-element elementor-element-2a68587 elementor-widget__width-inherit elementor-invisible elementor-widget elementor-widget-heading\" data-id=\"2a68587\" data-element_type=\"widget\" data-settings=\"{&quot;_animation&quot;:&quot;fadeIn&quot;}\" data-widget_type=\"heading.default\">\n\t\t\t\t<div class=\"elementor-widget-container\">\n\t\t\t\t\t<h1 class=\"elementor-heading-title elementor-size-default\">Declaraci\u00f3 d\u2019accessibilitat<\/h1>\t\t\t\t<\/div>\n\t\t\t\t<\/div>\n\t\t\t\t\t<\/div>\n\t\t\t\t<\/div>\n\t\t<div class=\"elementor-element elementor-element-58a93c82 e-flex e-con-boxed e-con e-parent\" data-id=\"58a93c82\" data-element_type=\"container\">\n\t\t\t\t\t<div class=\"e-con-inner\">\n\t\t\t\t<div class=\"elementor-element elementor-element-325a6a05 elementor-widget elementor-widget-text-editor\" data-id=\"325a6a05\" data-element_type=\"widget\" data-widget_type=\"text-editor.default\">\n\t\t\t\t<div class=\"elementor-widget-container\">\n\t\t\t\t\t\t\t\t\t\n<p><strong>SILVIA MU\u00d1OZ M\u00c1RQUEZ<\/strong> ha comprom\u00e8s a fer accessible el seu lloc web, d\u2019acord amb el Reial decret 1112\/2018, de 7 de setembre, sobre accessibilitat dels llocs web i aplicacions per a dispositius m\u00f2bils del sector p\u00fablic. Aquesta declaraci\u00f3 d\u2019accessibilitat s\u2019aplica a aquest web.<\/p>\n\n<p class=\"wp-block-heading\"><strong>Situaci\u00f3 de compliment<\/strong><\/p>\n\n<p>Aquest lloc web est\u00e0 desenvolupat segons el RD 1112\/2018.<\/p>\n\n<p class=\"wp-block-heading\"><strong>Preparaci\u00f3 per a la seg\u00fcent declaraci\u00f3 d\u2019accessibilitat<\/strong><\/p>\n\n<p>Aquesta declaraci\u00f3 va ser preparada el 20 d\u2019abril de 2023. El m\u00e8tode emprat per preparar la declaraci\u00f3 ha estat una autoavaluaci\u00f3.<\/p>\n\n<p class=\"wp-block-heading\"><strong>Observacions i dades de contacte<\/strong><\/p>\n\n<p>Pot realitzar comunicacions sobre requisits d\u2019accessibilitat (article 10.2.a del RD 1112\/2018) com ara:<\/p>\n\n<ul class=\"wp-block-list\">\n<li>Informar sobre qualsevol possible incompliment per part d\u2019aquest lloc web.<\/li>\n\n<li>Transmetre altres dificultats d\u2019acc\u00e9s al contingut.<\/li>\n\n<li>Formular qualsevol altra consulta o suggeriment de millora relativa a l\u2019accessibilitat del lloc web a trav\u00e9s del formulari de contacte d\u2019aquest lloc web o a trav\u00e9s del n\u00famero de tel\u00e8fon.<\/li>\n<\/ul>\n\n<p>Pot presentar:<\/p>\n\n<ul class=\"wp-block-list\">\n<li>Queixa relativa al compliment dels requisits del RD 1112\/2018.<\/li>\n\n<li>Sol\u00b7licitud d\u2019informaci\u00f3 accessible relativa a:\n<ul class=\"wp-block-list\">\n<li>Continguts que estan exclosos de l\u2019\u00e0mbit d\u2019aplicaci\u00f3 del RD 1112\/2018 segons el que estableix l\u2019article 3, apartat 4.<\/li>\n\n<li>Continguts que estan exempts del compliment dels requisits d\u2019accessibilitat per imposar una c\u00e0rrega desproporcionada.<\/li>\n<\/ul>\n<\/li>\n<\/ul>\n\n<p>En la sol\u00b7licitud d\u2019informaci\u00f3 accessible, cal concretar, amb tota claredat, els fets, les raons i la petici\u00f3 que permetin constatar que es tracta d\u2019una sol\u00b7licitud raonable i leg\u00edtima.<\/p>\n\n<p>Les queixes i reclamacions sobre informaci\u00f3 accessible es realitzaran a trav\u00e9s de la seu electr\u00f2nica (<span style=\"text-decoration: underline;\"><a href=\"https:\/\/sede.red.gob.es\/procedimientos\/quejas-y-sugerencias\"><strong>https:\/\/sede.red.gob.es\/procedimientos\/quejas-y-sugerencias<\/strong><\/a><\/span>) i seran rebudes i tractades per l\u2019\u00e0rea de Sistemes de la Informaci\u00f3 de Red.es.<\/p>\n\n<p class=\"wp-block-heading\"><strong>Contingut opcional<\/strong><\/p>\n\n<p>Si desitja canviar la mida de la lletra del text en els principals navegadors gr\u00e0fics, utilitzi els seg\u00fcents men\u00fas:<\/p>\n\n<ul class=\"wp-block-list\">\n<li><strong>Safari<\/strong>: Visualitzaci\u00f3 &gt; Fer el text m\u00e9s gran<\/li>\n\n<li><strong>Chrome<\/strong>: Controla la p\u00e0gina actual &gt; Mida del text<\/li>\n<\/ul>\n\n<p>Per modificar la mida de tot en la p\u00e0gina:<\/p>\n\n<ul class=\"wp-block-list\">\n<li><strong>Ctrl++<\/strong>\u00a0per augmentar-lo<\/li>\n\n<li><strong>Ctrl + \u2013<\/strong>\u00a0per disminuir-lo<\/li>\n\n<li><strong>Ctrl + 0<\/strong>\u00a0restaura la mida original del text<\/li>\n<\/ul>\n\n<p>Si el que desitja \u00e9s anul\u00b7lar la fulla d\u2019estils o modificar el color del text, pot consultar la p\u00e0gina\u00a0<em>How to Change Text Size o Colors<\/em>\u00a0de la WAI, que es pot llegir tradu\u00efda al castell\u00e0 a\u00a0<em>Com canviar la mida del text o colors?<\/em><\/p>\n\t\t\t\t\t\t\t\t<\/div>\n\t\t\t\t<\/div>\n\t\t\t\t\t<\/div>\n\t\t\t\t<\/div>\n\t\t\t\t<\/div>","protected":false},"excerpt":{"rendered":"<p>ha comprom\u00e8s a fer accessible el seu lloc web, d\u2019acord amb el Reial decret 1112\/2018, de 7 de setembre, sobre accessibilitat dels llocs web i aplicacions per a dispositius m\u00f2bils del sector p\u00fablic. Aquesta declaraci\u00f3 d\u2019accessibilitat s\u2019aplica a aquest web. Situaci\u00f3 de compliment Aquest lloc web est\u00e0 desenvolupat segons el RD 1112\/2018. Preparaci\u00f3 per a [&hellip;]<\/p>","protected":false},"author":1,"featured_media":0,"parent":0,"menu_order":0,"comment_status":"closed","ping_status":"closed","template":"","meta":{"footnotes":""},"class_list":["post-20","page","type-page","status-publish","hentry"],"yoast_head":"<!-- This site is optimized with the Yoast SEO plugin v26.7 - https:\/\/yoast.com\/wordpress\/plugins\/seo\/ -->\n<title>Declaraci\u00f3 d\u2019accessibilitat - ABBI Campers<\/title>\n<meta name=\"robots\" content=\"index, follow, max-snippet:-1, max-image-preview:large, max-video-preview:-1\" \/>\n<link rel=\"canonical\" href=\"https:\/\/abbicampers.com\/es\/declaracio-daccessibilitat\/\" \/>\n<meta property=\"og:locale\" content=\"es_ES\" \/>\n<meta property=\"og:type\" content=\"article\" \/>\n<meta property=\"og:title\" content=\"Declaraci\u00f3 d\u2019accessibilitat - ABBI Campers\" \/>\n<meta property=\"og:description\" content=\"ha comprom\u00e8s a fer accessible el seu lloc web, d\u2019acord amb el Reial decret 1112\/2018, de 7 de setembre, sobre accessibilitat dels llocs web i aplicacions per a dispositius m\u00f2bils del sector p\u00fablic. Aquesta declaraci\u00f3 d\u2019accessibilitat s\u2019aplica a aquest web. Situaci\u00f3 de compliment Aquest lloc web est\u00e0 desenvolupat segons el RD 1112\/2018. Preparaci\u00f3 per a [&hellip;]\" \/>\n<meta property=\"og:url\" content=\"https:\/\/abbicampers.com\/es\/declaracio-daccessibilitat\/\" \/>\n<meta property=\"og:site_name\" content=\"ABBI Campers\" \/>\n<meta property=\"article:modified_time\" content=\"2025-12-26T01:21:32+00:00\" \/>\n<meta name=\"twitter:card\" content=\"summary_large_image\" \/>\n<meta name=\"twitter:label1\" content=\"Tiempo de lectura\" \/>\n\t<meta name=\"twitter:data1\" content=\"2 minutos\" \/>\n<script type=\"application\/ld+json\" class=\"yoast-schema-graph\">{\"@context\":\"https:\/\/schema.org\",\"@graph\":[{\"@type\":\"WebPage\",\"@id\":\"https:\/\/abbicampers.com\/declaracio-daccessibilitat\/\",\"url\":\"https:\/\/abbicampers.com\/declaracio-daccessibilitat\/\",\"name\":\"Declaraci\u00f3 d\u2019accessibilitat - ABBI Campers\",\"isPartOf\":{\"@id\":\"https:\/\/abbicampers.com\/#website\"},\"datePublished\":\"2025-03-28T19:05:29+00:00\",\"dateModified\":\"2025-12-26T01:21:32+00:00\",\"breadcrumb\":{\"@id\":\"https:\/\/abbicampers.com\/declaracio-daccessibilitat\/#breadcrumb\"},\"inLanguage\":\"es\",\"potentialAction\":[{\"@type\":\"ReadAction\",\"target\":[\"https:\/\/abbicampers.com\/declaracio-daccessibilitat\/\"]}]},{\"@type\":\"BreadcrumbList\",\"@id\":\"https:\/\/abbicampers.com\/declaracio-daccessibilitat\/#breadcrumb\",\"itemListElement\":[{\"@type\":\"ListItem\",\"position\":1,\"name\":\"Portada\",\"item\":\"https:\/\/abbicampers.com\/\"},{\"@type\":\"ListItem\",\"position\":2,\"name\":\"Declaraci\u00f3 d\u2019accessibilitat\"}]},{\"@type\":\"WebSite\",\"@id\":\"https:\/\/abbicampers.com\/#website\",\"url\":\"https:\/\/abbicampers.com\/\",\"name\":\"ABBI Campers\",\"description\":\"Lloga la teva autocaravana familiar a Barcelona\",\"potentialAction\":[{\"@type\":\"SearchAction\",\"target\":{\"@type\":\"EntryPoint\",\"urlTemplate\":\"https:\/\/abbicampers.com\/?s={search_term_string}\"},\"query-input\":{\"@type\":\"PropertyValueSpecification\",\"valueRequired\":true,\"valueName\":\"search_term_string\"}}],\"inLanguage\":\"es\"}]}<\/script>\n<!-- \/ Yoast SEO plugin. -->","yoast_head_json":{"title":"Declaraci\u00f3 d\u2019accessibilitat - ABBI Campers","robots":{"index":"index","follow":"follow","max-snippet":"max-snippet:-1","max-image-preview":"max-image-preview:large","max-video-preview":"max-video-preview:-1"},"canonical":"https:\/\/abbicampers.com\/es\/declaracio-daccessibilitat\/","og_locale":"es_ES","og_type":"article","og_title":"Declaraci\u00f3 d\u2019accessibilitat - ABBI Campers","og_description":"ha comprom\u00e8s a fer accessible el seu lloc web, d\u2019acord amb el Reial decret 1112\/2018, de 7 de setembre, sobre accessibilitat dels llocs web i aplicacions per a dispositius m\u00f2bils del sector p\u00fablic. Aquesta declaraci\u00f3 d\u2019accessibilitat s\u2019aplica a aquest web. Situaci\u00f3 de compliment Aquest lloc web est\u00e0 desenvolupat segons el RD 1112\/2018. Preparaci\u00f3 per a [&hellip;]","og_url":"https:\/\/abbicampers.com\/es\/declaracio-daccessibilitat\/","og_site_name":"ABBI Campers","article_modified_time":"2025-12-26T01:21:32+00:00","twitter_card":"summary_large_image","twitter_misc":{"Tiempo de lectura":"2 minutos"},"schema":{"@context":"https:\/\/schema.org","@graph":[{"@type":"WebPage","@id":"https:\/\/abbicampers.com\/declaracio-daccessibilitat\/","url":"https:\/\/abbicampers.com\/declaracio-daccessibilitat\/","name":"Declaraci\u00f3 d\u2019accessibilitat - ABBI Campers","isPartOf":{"@id":"https:\/\/abbicampers.com\/#website"},"datePublished":"2025-03-28T19:05:29+00:00","dateModified":"2025-12-26T01:21:32+00:00","breadcrumb":{"@id":"https:\/\/abbicampers.com\/declaracio-daccessibilitat\/#breadcrumb"},"inLanguage":"es","potentialAction":[{"@type":"ReadAction","target":["https:\/\/abbicampers.com\/declaracio-daccessibilitat\/"]}]},{"@type":"BreadcrumbList","@id":"https:\/\/abbicampers.com\/declaracio-daccessibilitat\/#breadcrumb","itemListElement":[{"@type":"ListItem","position":1,"name":"Portada","item":"https:\/\/abbicampers.com\/"},{"@type":"ListItem","position":2,"name":"Declaraci\u00f3 d\u2019accessibilitat"}]},{"@type":"WebSite","@id":"https:\/\/abbicampers.com\/#website","url":"https:\/\/abbicampers.com\/","name":"ABBI Campers","description":"Lloga la teva autocaravana familiar a Barcelona","potentialAction":[{"@type":"SearchAction","target":{"@type":"EntryPoint","urlTemplate":"https:\/\/abbicampers.com\/?s={search_term_string}"},"query-input":{"@type":"PropertyValueSpecification","valueRequired":true,"valueName":"search_term_string"}}],"inLanguage":"es"}]}},"_links":{"self":[{"href":"https:\/\/abbicampers.com\/es\/wp-json\/wp\/v2\/pages\/20","targetHints":{"allow":["GET"]}}],"collection":[{"href":"https:\/\/abbicampers.com\/es\/wp-json\/wp\/v2\/pages"}],"about":[{"href":"https:\/\/abbicampers.com\/es\/wp-json\/wp\/v2\/types\/page"}],"author":[{"embeddable":true,"href":"https:\/\/abbicampers.com\/es\/wp-json\/wp\/v2\/users\/1"}],"replies":[{"embeddable":true,"href":"https:\/\/abbicampers.com\/es\/wp-json\/wp\/v2\/comments?post=20"}],"version-history":[{"count":23,"href":"https:\/\/abbicampers.com\/es\/wp-json\/wp\/v2\/pages\/20\/revisions"}],"predecessor-version":[{"id":813,"href":"https:\/\/abbicampers.com\/es\/wp-json\/wp\/v2\/pages\/20\/revisions\/813"}],"wp:attachment":[{"href":"https:\/\/abbicampers.com\/es\/wp-json\/wp\/v2\/media?parent=20"}],"curies":[{"name":"wp","href":"https:\/\/api.w.org\/{rel}","templated":true}]}}