{"id":233,"date":"2025-08-11T20:59:14","date_gmt":"2025-08-11T18:59:14","guid":{"rendered":"https:\/\/alguma.simplificandotuweb.com\/?page_id=233"},"modified":"2025-12-15T16:52:42","modified_gmt":"2025-12-15T15:52:42","slug":"sobre-nosotros","status":"publish","type":"page","link":"https:\/\/abbicampers.com\/es\/sobre-nosotros\/","title":{"rendered":"SOBRE NOSALTRES"},"content":{"rendered":"<div data-elementor-type=\"wp-page\" data-elementor-id=\"233\" class=\"elementor elementor-233\" data-elementor-post-type=\"page\">\n\t\t\t\t<div class=\"elementor-element elementor-element-5cfe2bb e-flex e-con-boxed e-con e-parent\" data-id=\"5cfe2bb\" data-element_type=\"container\" data-settings=\"{&quot;background_background&quot;:&quot;classic&quot;}\">\n\t\t\t\t\t<div class=\"e-con-inner\">\n\t\t\t\t<div class=\"elementor-element elementor-element-785c0ce elementor-align-center elementor-widget__width-inherit elementor-invisible elementor-widget elementor-widget-button\" data-id=\"785c0ce\" data-element_type=\"widget\" data-settings=\"{&quot;_animation&quot;:&quot;fadeIn&quot;}\" data-widget_type=\"button.default\">\n\t\t\t\t<div class=\"elementor-widget-container\">\n\t\t\t\t\t\t\t\t\t<div class=\"elementor-button-wrapper\">\n\t\t\t\t\t<a class=\"elementor-button elementor-size-sm\" role=\"button\">\n\t\t\t\t\t\t<span class=\"elementor-button-content-wrapper\">\n\t\t\t\t\t\t\t\t\t<span class=\"elementor-button-text\">ABBI Campers<\/span>\n\t\t\t\t\t<\/span>\n\t\t\t\t\t<\/a>\n\t\t\t\t<\/div>\n\t\t\t\t\t\t\t\t<\/div>\n\t\t\t\t<\/div>\n\t\t\t\t<div class=\"elementor-element elementor-element-3e2da62 elementor-widget__width-inherit elementor-invisible elementor-widget elementor-widget-heading\" data-id=\"3e2da62\" data-element_type=\"widget\" data-settings=\"{&quot;_animation&quot;:&quot;fadeIn&quot;}\" data-widget_type=\"heading.default\">\n\t\t\t\t<div class=\"elementor-widget-container\">\n\t\t\t\t\t<h1 class=\"elementor-heading-title elementor-size-default\">Fam\u00edlia, inspiraci\u00f3 i passi\u00f3 per viatjar junts\n\n<\/h1>\t\t\t\t<\/div>\n\t\t\t\t<\/div>\n\t\t\t\t\t<\/div>\n\t\t\t\t<\/div>\n\t\t<div class=\"elementor-element elementor-element-fca8237 e-flex e-con-boxed e-con e-parent\" data-id=\"fca8237\" data-element_type=\"container\">\n\t\t\t\t\t<div class=\"e-con-inner\">\n\t\t<div class=\"elementor-element elementor-element-9137de4 e-con-full e-flex e-con e-child\" data-id=\"9137de4\" data-element_type=\"container\" data-settings=\"{&quot;background_background&quot;:&quot;classic&quot;}\">\n\t\t\t\t<\/div>\n\t\t<div class=\"elementor-element elementor-element-586d906 e-con-full e-flex e-con e-child\" data-id=\"586d906\" data-element_type=\"container\">\n\t\t\t\t<div class=\"elementor-element elementor-element-f8067c6 elementor-invisible elementor-widget elementor-widget-heading\" data-id=\"f8067c6\" data-element_type=\"widget\" data-settings=\"{&quot;_animation&quot;:&quot;fadeIn&quot;,&quot;_animation_delay&quot;:200}\" data-widget_type=\"heading.default\">\n\t\t\t\t<div class=\"elementor-widget-container\">\n\t\t\t\t\t<h2 class=\"elementor-heading-title elementor-size-default\">D\u2019on neix ABBI Campers i quin \u00e9s el nostre prop\u00f2sit\n\n\n\n\n<\/h2>\t\t\t\t<\/div>\n\t\t\t\t<\/div>\n\t\t\t\t<div class=\"elementor-element elementor-element-909bbe6 elementor-widget elementor-widget-text-editor\" data-id=\"909bbe6\" data-element_type=\"widget\" data-widget_type=\"text-editor.default\">\n\t\t\t\t<div class=\"elementor-widget-container\">\n\t\t\t\t\t\t\t\t\t<p>ABBI Campers \u00e9s una iniciativa sorgida a Palau-solit\u00e0 i Plegamans amb una missi\u00f3 clara: fer possible que les fam\u00edlies puguin viatjar sense presses, prioritzant l\u2019aprenentatge, la tranquil\u00b7litat i el creixement personal de grans i petits. La nostra experi\u00e8ncia com a fam\u00edlia ens va ensenyar que viatjar en caravana no nom\u00e9s ens relacionava amb el m\u00f3n, sin\u00f3 que ens donava l\u2019oportunitat d\u2019acompanyar els nostres fills en el seu descobriment, sense imposar ritmes ni restriccions innecess\u00e0ries.<\/p>\t\t\t\t\t\t\t\t<\/div>\n\t\t\t\t<\/div>\n\t\t<div class=\"elementor-element elementor-element-fbccee2 e-con-full e-flex elementor-invisible e-con e-child\" data-id=\"fbccee2\" data-element_type=\"container\" data-settings=\"{&quot;animation&quot;:&quot;fadeIn&quot;,&quot;animation_delay&quot;:500,&quot;background_background&quot;:&quot;classic&quot;}\">\n\t\t\t\t<div class=\"elementor-element elementor-element-c251a22 elementor-view-stacked elementor-shape-circle elementor-position-block-start elementor-mobile-position-block-start elementor-widget elementor-widget-icon-box\" data-id=\"c251a22\" data-element_type=\"widget\" data-widget_type=\"icon-box.default\">\n\t\t\t\t<div class=\"elementor-widget-container\">\n\t\t\t\t\t\t\t<div class=\"elementor-icon-box-wrapper\">\n\n\t\t\t\t\t\t<div class=\"elementor-icon-box-icon\">\n\t\t\t\t<span  class=\"elementor-icon\">\n\t\t\t\t<i aria-hidden=\"true\" class=\"icon icon-users\"><\/i>\t\t\t\t<\/span>\n\t\t\t<\/div>\n\t\t\t\n\t\t\t\t\t\t<div class=\"elementor-icon-box-content\">\n\n\t\t\t\t\t\t\t\t\t<div class=\"elementor-icon-box-title\">\n\t\t\t\t\t\t<span  >\n\t\t\t\t\t\t\tValors diferencials\t\t\t\t\t\t<\/span>\n\t\t\t\t\t<\/div>\n\t\t\t\t\n\t\t\t\t\t\t\t\t\t<p class=\"elementor-icon-box-description\">\n\t\t\t\t\t\tEns defineixen el respecte, la inclusi\u00f3 i la pedagogia activa. Inspirats en una filosofia que acompanya la crian\u00e7a, promovem autonomia, curiositat i respecte pel medi ambient.\t\t\t\t\t<\/p>\n\t\t\t\t\n\t\t\t<\/div>\n\t\t\t\n\t\t<\/div>\n\t\t\t\t\t\t<\/div>\n\t\t\t\t<\/div>\n\t\t\t\t<\/div>\n\t\t\t\t<\/div>\n\t\t\t\t\t<\/div>\n\t\t\t\t<\/div>\n\t\t<div class=\"elementor-element elementor-element-dd312f7 e-flex e-con-boxed e-con e-parent\" data-id=\"dd312f7\" data-element_type=\"container\" data-settings=\"{&quot;background_background&quot;:&quot;classic&quot;}\">\n\t\t\t\t\t<div class=\"e-con-inner\">\n\t\t\t\t<div class=\"elementor-element elementor-element-0b1b923 elementor-align-center elementor-widget__width-inherit elementor-invisible elementor-widget elementor-widget-button\" data-id=\"0b1b923\" data-element_type=\"widget\" data-settings=\"{&quot;_animation&quot;:&quot;fadeIn&quot;}\" data-widget_type=\"button.default\">\n\t\t\t\t<div class=\"elementor-widget-container\">\n\t\t\t\t\t\t\t\t\t<div class=\"elementor-button-wrapper\">\n\t\t\t\t\t<a class=\"elementor-button elementor-size-sm\" role=\"button\">\n\t\t\t\t\t\t<span class=\"elementor-button-content-wrapper\">\n\t\t\t\t\t\t\t\t\t<span class=\"elementor-button-text\">Qui som<\/span>\n\t\t\t\t\t<\/span>\n\t\t\t\t\t<\/a>\n\t\t\t\t<\/div>\n\t\t\t\t\t\t\t\t<\/div>\n\t\t\t\t<\/div>\n\t\t\t\t<div class=\"elementor-element elementor-element-a3d9419 elementor-widget__width-inherit elementor-invisible elementor-widget elementor-widget-heading\" data-id=\"a3d9419\" data-element_type=\"widget\" data-settings=\"{&quot;_animation&quot;:&quot;fadeIn&quot;,&quot;_animation_delay&quot;:200}\" data-widget_type=\"heading.default\">\n\t\t\t\t<div class=\"elementor-widget-container\">\n\t\t\t\t\t<h3 class=\"elementor-heading-title elementor-size-default\">El nostre equip i hist\u00f2ria familiar\n\n<\/h3>\t\t\t\t<\/div>\n\t\t\t\t<\/div>\n\t\t\t\t<div class=\"elementor-element elementor-element-25b258b elementor-invisible elementor-widget elementor-widget-text-editor\" data-id=\"25b258b\" data-element_type=\"widget\" data-settings=\"{&quot;_animation&quot;:&quot;fadeIn&quot;,&quot;_animation_delay&quot;:400}\" data-widget_type=\"text-editor.default\">\n\t\t\t\t<div class=\"elementor-widget-container\">\n\t\t\t\t\t\t\t\t\t<p>Som una fam\u00edlia motivada a compartir els beneficis d\u2019aquest estil de vida. T\u2019expliquem la nostra traject\u00f2ria, la passi\u00f3 pel m\u00f3n una filosofia que acompanya la crian\u00e7a i l\u2019experi\u00e8ncia en viatges de proximitat. Acompanya\u2019ns a trav\u00e9s de fotografies i una breu presentaci\u00f3 personal on descobrir\u00e0s qu\u00e8 ens mou i com podem ajudar a transformar la teva manera de viatjar amb nens.<\/p>\t\t\t\t\t\t\t\t<\/div>\n\t\t\t\t<\/div>\n\t\t\t\t<div class=\"elementor-element elementor-element-13a5292 elementor-widget__width-auto elementor-invisible elementor-widget elementor-widget-button\" data-id=\"13a5292\" data-element_type=\"widget\" data-settings=\"{&quot;_animation&quot;:&quot;fadeIn&quot;,&quot;_animation_delay&quot;:600}\" data-widget_type=\"button.default\">\n\t\t\t\t<div class=\"elementor-widget-container\">\n\t\t\t\t\t\t\t\t\t<div class=\"elementor-button-wrapper\">\n\t\t\t\t\t<a class=\"elementor-button elementor-button-link elementor-size-sm elementor-animation-grow\" href=\"https:\/\/abbicampers.com\/es\/contacte\/\">\n\t\t\t\t\t\t<span class=\"elementor-button-content-wrapper\">\n\t\t\t\t\t\t\t\t\t<span class=\"elementor-button-text\">Contacte<\/span>\n\t\t\t\t\t<\/span>\n\t\t\t\t\t<\/a>\n\t\t\t\t<\/div>\n\t\t\t\t\t\t\t\t<\/div>\n\t\t\t\t<\/div>\n\t\t\t\t\t<\/div>\n\t\t\t\t<\/div>\n\t\t\t\t<\/div>","protected":false},"excerpt":{"rendered":"<p>ABBI Campers Fam\u00edlia, inspiraci\u00f3 i passi\u00f3 per viatjar junts D\u2019on neix ABBI Campers i quin \u00e9s el nostre prop\u00f2sit ABBI Campers \u00e9s una iniciativa sorgida a Palau-solit\u00e0 i Plegamans amb una missi\u00f3 clara: fer possible que les fam\u00edlies puguin viatjar sense presses, prioritzant l\u2019aprenentatge, la tranquil\u00b7litat i el creixement personal de grans i petits. La [&hellip;]<\/p>","protected":false},"author":1,"featured_media":0,"parent":0,"menu_order":0,"comment_status":"closed","ping_status":"closed","template":"","meta":{"footnotes":""},"class_list":["post-233","page","type-page","status-publish","hentry"],"yoast_head":"<!-- This site is optimized with the Yoast SEO plugin v26.7 - https:\/\/yoast.com\/wordpress\/plugins\/seo\/ -->\n<title>SOBRE NOSALTRES - ABBI Campers<\/title>\n<meta name=\"robots\" content=\"index, follow, max-snippet:-1, max-image-preview:large, max-video-preview:-1\" \/>\n<link rel=\"canonical\" href=\"https:\/\/abbicampers.com\/es\/sobre-nosotros\/\" \/>\n<meta property=\"og:locale\" content=\"es_ES\" \/>\n<meta property=\"og:type\" content=\"article\" \/>\n<meta property=\"og:title\" content=\"SOBRE NOSALTRES - ABBI Campers\" \/>\n<meta property=\"og:description\" content=\"ABBI Campers Fam\u00edlia, inspiraci\u00f3 i passi\u00f3 per viatjar junts D\u2019on neix ABBI Campers i quin \u00e9s el nostre prop\u00f2sit ABBI Campers \u00e9s una iniciativa sorgida a Palau-solit\u00e0 i Plegamans amb una missi\u00f3 clara: fer possible que les fam\u00edlies puguin viatjar sense presses, prioritzant l\u2019aprenentatge, la tranquil\u00b7litat i el creixement personal de grans i petits. La [&hellip;]\" \/>\n<meta property=\"og:url\" content=\"https:\/\/abbicampers.com\/es\/sobre-nosotros\/\" \/>\n<meta property=\"og:site_name\" content=\"ABBI Campers\" \/>\n<meta property=\"article:modified_time\" content=\"2025-12-15T15:52:42+00:00\" \/>\n<meta name=\"twitter:card\" content=\"summary_large_image\" \/>\n<meta name=\"twitter:label1\" content=\"Tiempo de lectura\" \/>\n\t<meta name=\"twitter:data1\" content=\"1 minuto\" \/>\n<script type=\"application\/ld+json\" class=\"yoast-schema-graph\">{\"@context\":\"https:\/\/schema.org\",\"@graph\":[{\"@type\":\"WebPage\",\"@id\":\"https:\/\/abbicampers.com\/sobre-nosotros\/\",\"url\":\"https:\/\/abbicampers.com\/sobre-nosotros\/\",\"name\":\"SOBRE NOSALTRES - ABBI Campers\",\"isPartOf\":{\"@id\":\"https:\/\/abbicampers.com\/#website\"},\"datePublished\":\"2025-08-11T18:59:14+00:00\",\"dateModified\":\"2025-12-15T15:52:42+00:00\",\"breadcrumb\":{\"@id\":\"https:\/\/abbicampers.com\/sobre-nosotros\/#breadcrumb\"},\"inLanguage\":\"es\",\"potentialAction\":[{\"@type\":\"ReadAction\",\"target\":[\"https:\/\/abbicampers.com\/sobre-nosotros\/\"]}]},{\"@type\":\"BreadcrumbList\",\"@id\":\"https:\/\/abbicampers.com\/sobre-nosotros\/#breadcrumb\",\"itemListElement\":[{\"@type\":\"ListItem\",\"position\":1,\"name\":\"Portada\",\"item\":\"https:\/\/abbicampers.com\/\"},{\"@type\":\"ListItem\",\"position\":2,\"name\":\"SOBRE NOSALTRES\"}]},{\"@type\":\"WebSite\",\"@id\":\"https:\/\/abbicampers.com\/#website\",\"url\":\"https:\/\/abbicampers.com\/\",\"name\":\"ABBI Campers\",\"description\":\"Lloga la teva autocaravana familiar a Barcelona\",\"potentialAction\":[{\"@type\":\"SearchAction\",\"target\":{\"@type\":\"EntryPoint\",\"urlTemplate\":\"https:\/\/abbicampers.com\/?s={search_term_string}\"},\"query-input\":{\"@type\":\"PropertyValueSpecification\",\"valueRequired\":true,\"valueName\":\"search_term_string\"}}],\"inLanguage\":\"es\"}]}<\/script>\n<!-- \/ Yoast SEO plugin. -->","yoast_head_json":{"title":"SOBRE NOSALTRES - ABBI Campers","robots":{"index":"index","follow":"follow","max-snippet":"max-snippet:-1","max-image-preview":"max-image-preview:large","max-video-preview":"max-video-preview:-1"},"canonical":"https:\/\/abbicampers.com\/es\/sobre-nosotros\/","og_locale":"es_ES","og_type":"article","og_title":"SOBRE NOSALTRES - ABBI Campers","og_description":"ABBI Campers Fam\u00edlia, inspiraci\u00f3 i passi\u00f3 per viatjar junts D\u2019on neix ABBI Campers i quin \u00e9s el nostre prop\u00f2sit ABBI Campers \u00e9s una iniciativa sorgida a Palau-solit\u00e0 i Plegamans amb una missi\u00f3 clara: fer possible que les fam\u00edlies puguin viatjar sense presses, prioritzant l\u2019aprenentatge, la tranquil\u00b7litat i el creixement personal de grans i petits. La [&hellip;]","og_url":"https:\/\/abbicampers.com\/es\/sobre-nosotros\/","og_site_name":"ABBI Campers","article_modified_time":"2025-12-15T15:52:42+00:00","twitter_card":"summary_large_image","twitter_misc":{"Tiempo de lectura":"1 minuto"},"schema":{"@context":"https:\/\/schema.org","@graph":[{"@type":"WebPage","@id":"https:\/\/abbicampers.com\/sobre-nosotros\/","url":"https:\/\/abbicampers.com\/sobre-nosotros\/","name":"SOBRE NOSALTRES - ABBI Campers","isPartOf":{"@id":"https:\/\/abbicampers.com\/#website"},"datePublished":"2025-08-11T18:59:14+00:00","dateModified":"2025-12-15T15:52:42+00:00","breadcrumb":{"@id":"https:\/\/abbicampers.com\/sobre-nosotros\/#breadcrumb"},"inLanguage":"es","potentialAction":[{"@type":"ReadAction","target":["https:\/\/abbicampers.com\/sobre-nosotros\/"]}]},{"@type":"BreadcrumbList","@id":"https:\/\/abbicampers.com\/sobre-nosotros\/#breadcrumb","itemListElement":[{"@type":"ListItem","position":1,"name":"Portada","item":"https:\/\/abbicampers.com\/"},{"@type":"ListItem","position":2,"name":"SOBRE NOSALTRES"}]},{"@type":"WebSite","@id":"https:\/\/abbicampers.com\/#website","url":"https:\/\/abbicampers.com\/","name":"ABBI Campers","description":"Lloga la teva autocaravana familiar a Barcelona","potentialAction":[{"@type":"SearchAction","target":{"@type":"EntryPoint","urlTemplate":"https:\/\/abbicampers.com\/?s={search_term_string}"},"query-input":{"@type":"PropertyValueSpecification","valueRequired":true,"valueName":"search_term_string"}}],"inLanguage":"es"}]}},"_links":{"self":[{"href":"https:\/\/abbicampers.com\/es\/wp-json\/wp\/v2\/pages\/233","targetHints":{"allow":["GET"]}}],"collection":[{"href":"https:\/\/abbicampers.com\/es\/wp-json\/wp\/v2\/pages"}],"about":[{"href":"https:\/\/abbicampers.com\/es\/wp-json\/wp\/v2\/types\/page"}],"author":[{"embeddable":true,"href":"https:\/\/abbicampers.com\/es\/wp-json\/wp\/v2\/users\/1"}],"replies":[{"embeddable":true,"href":"https:\/\/abbicampers.com\/es\/wp-json\/wp\/v2\/comments?post=233"}],"version-history":[{"count":23,"href":"https:\/\/abbicampers.com\/es\/wp-json\/wp\/v2\/pages\/233\/revisions"}],"predecessor-version":[{"id":770,"href":"https:\/\/abbicampers.com\/es\/wp-json\/wp\/v2\/pages\/233\/revisions\/770"}],"wp:attachment":[{"href":"https:\/\/abbicampers.com\/es\/wp-json\/wp\/v2\/media?parent=233"}],"curies":[{"name":"wp","href":"https:\/\/api.w.org\/{rel}","templated":true}]}}