{"id":30,"date":"2025-03-28T16:09:49","date_gmt":"2025-03-28T19:09:49","guid":{"rendered":"https:\/\/innovacon.simplificandotuweb.com\/?page_id=30"},"modified":"2025-12-26T02:24:08","modified_gmt":"2025-12-26T01:24:08","slug":"politica-de-privacitat","status":"publish","type":"page","link":"https:\/\/abbicampers.com\/es\/politica-de-privacitat\/","title":{"rendered":"Pol\u00edtica de Privacitat"},"content":{"rendered":"<div data-elementor-type=\"wp-page\" data-elementor-id=\"30\" class=\"elementor elementor-30\" data-elementor-post-type=\"page\">\n\t\t\t\t<div class=\"elementor-element elementor-element-066941d e-flex e-con-boxed e-con e-parent\" data-id=\"066941d\" data-element_type=\"container\" data-settings=\"{&quot;background_background&quot;:&quot;classic&quot;}\">\n\t\t\t\t\t<div class=\"e-con-inner\">\n\t\t\t\t<div class=\"elementor-element elementor-element-ce75c35 elementor-widget__width-inherit elementor-invisible elementor-widget elementor-widget-heading\" data-id=\"ce75c35\" data-element_type=\"widget\" data-settings=\"{&quot;_animation&quot;:&quot;fadeIn&quot;}\" data-widget_type=\"heading.default\">\n\t\t\t\t<div class=\"elementor-widget-container\">\n\t\t\t\t\t<h1 class=\"elementor-heading-title elementor-size-default\">Pol\u00edtica de Privacitat<\/h1>\t\t\t\t<\/div>\n\t\t\t\t<\/div>\n\t\t\t\t\t<\/div>\n\t\t\t\t<\/div>\n\t\t<div class=\"elementor-element elementor-element-6f307937 e-flex e-con-boxed e-con e-parent\" data-id=\"6f307937\" data-element_type=\"container\">\n\t\t\t\t\t<div class=\"e-con-inner\">\n\t\t\t\t<div class=\"elementor-element elementor-element-6ef5a22f elementor-widget elementor-widget-text-editor\" data-id=\"6ef5a22f\" data-element_type=\"widget\" data-widget_type=\"text-editor.default\">\n\t\t\t\t<div class=\"elementor-widget-container\">\n\t\t\t\t\t\t\t\t\t\n<p class=\"wp-block-heading\"><strong>1.- INFORMACI\u00d3 A L\u2019USUARI<\/strong><\/p>\n\n<p>El lloc web informa els usuaris del lloc web sobre la seva pol\u00edtica respecte al tractament i protecci\u00f3 de les dades de car\u00e0cter personal dels usuaris i clients que puguin ser sol\u00b7licitades durant la navegaci\u00f3 pel seu lloc web.<\/p>\n\n<p>El lloc web \u00e9s el Responsable del tractament de les dades personals de l\u2019usuari, per la qual cosa se li facilita la informaci\u00f3 seg\u00fcent referent al tractament de les seves dades:<\/p>\n\n<p><strong>Criteris de conservaci\u00f3 de les dades:<\/strong>\u00a0Les dades personals proporcionades es conservaran fins que l\u2019interessat no sol\u00b7liciti la seva suspensi\u00f3, exercint els seus drets sobre les dades, i en qualsevol cas en compliment dels terminis legals de prescripci\u00f3 que li siguin aplicables.<\/p>\n\n<p><strong>Drets dels interessats:<\/strong><\/p>\n\n<ul class=\"wp-block-list\">\n<li>Dret a retirar el seu consentiment en qualsevol moment.<\/li>\n\n<li>Dret d\u2019acc\u00e9s, rectificaci\u00f3, supressi\u00f3, portabilitat de les seves dades, aix\u00ed com la limitaci\u00f3 o oposici\u00f3 al seu tractament, i a no ser objecte de decisions individuals automatitzades.<\/li>\n<\/ul>\n\n<p><strong>Dades de contacte per exercir els seus drets:<\/strong><br \/>S\u2019ha d\u2019identificar degudament i sol\u00b7licitar clarament el dret que es vol exercir.<\/p>\n<ul class=\"wp-block-list\">\n<li><strong>Empresa: <\/strong>SILVIA MU\u00d1OZ M\u00c1RQUEZ<strong><br \/><\/strong><\/li>\n<li><strong>NIF:<\/strong> 46823244M<\/li>\n<li><strong>Responsable: <\/strong>Silvia<\/li>\n<li><strong>Domicilio: <\/strong>Carrer Amadeu Vives, 14<\/li>\n<li><strong>CP y Poblaci\u00f3n:<\/strong>\u00a008750 Molins de Rei (Barcelona)<\/li>\n<li><strong>Tel\u00e9fono:<\/strong>\u00a0 +34623938658<\/li>\n<li><strong>Email: <span style=\"text-decoration: underline;\">[opcion_jet_email_link]<\/span><\/strong><\/li>\n<\/ul>\n<!-- \/wp:list --><!-- wp:heading {\"level\":3} -->\n<p class=\"wp-block-heading\"><strong>2.- INFORMACI\u00d3 FACILITADA PER L\u2019USUARI<\/strong><\/p>\n<!-- \/wp:heading --><!-- wp:paragraph -->\n<p>Si \u00e9s menor de 18 anys, no est\u00e0 perm\u00e8s l\u2019\u00fas de formularis al nostre web.<\/p>\n<!-- \/wp:paragraph --><!-- wp:paragraph -->\n<p>Els Usuaris, introduint les seves dades als formularis de contacte o presentats en formularis de desc\u00e0rrega, accepten expressament i de manera lliure i inequ\u00edvoca, que les seves dades s\u00f3n necess\u00e0ries per atendre la seva petici\u00f3 per part del Responsable, sent volunt\u00e0ria la inclusi\u00f3 de dades als camps restants.<\/p>\n<!-- \/wp:paragraph --><!-- wp:paragraph -->\n<p>L\u2019Usuari garanteix que les dades personals facilitades s\u00f3n ver\u00eddiques i es fa responsable de comunicar qualsevol modificaci\u00f3.<\/p>\n<!-- \/wp:paragraph --><!-- wp:paragraph -->\n<p>Totes les dades sol\u00b7licitades a trav\u00e9s del lloc web s\u00f3n necess\u00e0ries per prestar un servei \u00f2ptim a l\u2019Usuari. En cas que no es facilitin totes les dades, no es garanteix que la informaci\u00f3 i serveis que el Responsable li faciliti s\u2019ajustin completament a les seves necessitats.<\/p>\n<!-- \/wp:paragraph --><!-- wp:heading {\"level\":3} -->\n<p class=\"wp-block-heading\"><strong>3.- MESURES DE SEGURETAT<\/strong><\/p>\n<!-- \/wp:heading --><!-- wp:paragraph -->\n<p>De conformitat amb el que disposen les normatives vigents en mat\u00e8ria de protecci\u00f3 de dades personals, el Responsable compleix amb totes les disposicions de les normatives RGPD i LOPD per al tractament de les dades personals sota la seva responsabilitat, les quals s\u00f3n tractades de manera l\u00edcita, lleial i transparent en relaci\u00f3 amb l\u2019interessat, i adequades, pertinents i limitades a all\u00f2 necessari en relaci\u00f3 amb els fins per als quals s\u00f3n tractades.<\/p>\n<!-- \/wp:paragraph --><!-- wp:paragraph -->\n<p>El Responsable garanteix que ha implementat pol\u00edtiques t\u00e8cniques i organitzatives adequades per aplicar les mesures de seguretat establertes pel RGPD i la LOPD per protegir els drets i llibertats dels Usuaris, i els ha comunicat la informaci\u00f3 adequada perqu\u00e8 puguin exercir-los.<\/p>\n<!-- \/wp:paragraph --><!-- wp:heading {\"level\":3} -->\n<p class=\"wp-block-heading\"><strong>4.- BRETXES DE SEGURETAT<\/strong><\/p>\n<!-- \/wp:heading --><!-- wp:paragraph -->\n<p>El Responsable informar\u00e0 sobre qualsevol bretxa de seguretat que afecti la base de dades utilitzada per aquest lloc web, o que afecti qualsevol dels nostres serveis de tercers, a totes i cadascuna de les persones les dades de les quals puguin haver estat afectades, aix\u00ed com a les autoritats, dins de les 72 hores seg\u00fcents a la detecci\u00f3 de la bretxa.<\/p>\n<!-- \/wp:paragraph --><!-- wp:heading {\"level\":3} -->\n<p class=\"wp-block-heading\"><strong>LEGISLACI\u00d3 APLICABLE I JURISDICCI\u00d3<\/strong><\/p>\n<!-- \/wp:heading --><!-- wp:paragraph -->\n<p>Per a la resoluci\u00f3 de totes les controv\u00e8rsies o q\u00fcestions relacionades amb aquest lloc web o amb les activitats que s\u2019hi desenvolupin, ser\u00e0 d\u2019aplicaci\u00f3 la legislaci\u00f3 espanyola, a la qual se sotmeten expressament les parts, sent competents per a la resoluci\u00f3 de tots els conflictes derivats o relacionats amb l\u2019\u00fas els Jutjats i Tribunals de Barcelona.<\/p>\n<!-- \/wp:paragraph -->\t\t\t\t\t\t\t\t<\/div>\n\t\t\t\t<\/div>\n\t\t\t\t\t<\/div>\n\t\t\t\t<\/div>\n\t\t\t\t<\/div>","protected":false},"excerpt":{"rendered":"<p>1.- INFORMACI\u00d3 A L\u2019USUARI El lloc web informa els usuaris del lloc web sobre la seva pol\u00edtica respecte al tractament i protecci\u00f3 de les dades de car\u00e0cter personal dels usuaris i clients que puguin ser sol\u00b7licitades durant la navegaci\u00f3 pel seu lloc web. El lloc web \u00e9s el Responsable del tractament de les dades personals [&hellip;]<\/p>","protected":false},"author":1,"featured_media":0,"parent":0,"menu_order":0,"comment_status":"closed","ping_status":"closed","template":"","meta":{"footnotes":""},"class_list":["post-30","page","type-page","status-publish","hentry"],"yoast_head":"<!-- This site is optimized with the Yoast SEO plugin v26.7 - https:\/\/yoast.com\/wordpress\/plugins\/seo\/ -->\n<title>Pol\u00edtica de Privacitat - ABBI Campers<\/title>\n<meta name=\"robots\" content=\"index, follow, max-snippet:-1, max-image-preview:large, max-video-preview:-1\" \/>\n<link rel=\"canonical\" href=\"https:\/\/abbicampers.com\/es\/politica-de-privacitat\/\" \/>\n<meta property=\"og:locale\" content=\"es_ES\" \/>\n<meta property=\"og:type\" content=\"article\" \/>\n<meta property=\"og:title\" content=\"Pol\u00edtica de Privacitat - ABBI Campers\" \/>\n<meta property=\"og:description\" content=\"1.- INFORMACI\u00d3 A L\u2019USUARI El lloc web informa els usuaris del lloc web sobre la seva pol\u00edtica respecte al tractament i protecci\u00f3 de les dades de car\u00e0cter personal dels usuaris i clients que puguin ser sol\u00b7licitades durant la navegaci\u00f3 pel seu lloc web. El lloc web \u00e9s el Responsable del tractament de les dades personals [&hellip;]\" \/>\n<meta property=\"og:url\" content=\"https:\/\/abbicampers.com\/es\/politica-de-privacitat\/\" \/>\n<meta property=\"og:site_name\" content=\"ABBI Campers\" \/>\n<meta property=\"article:modified_time\" content=\"2025-12-26T01:24:08+00:00\" \/>\n<meta name=\"twitter:card\" content=\"summary_large_image\" \/>\n<meta name=\"twitter:label1\" content=\"Tiempo de lectura\" \/>\n\t<meta name=\"twitter:data1\" content=\"3 minutos\" \/>\n<script type=\"application\/ld+json\" class=\"yoast-schema-graph\">{\"@context\":\"https:\/\/schema.org\",\"@graph\":[{\"@type\":\"WebPage\",\"@id\":\"https:\/\/abbicampers.com\/politica-de-privacitat\/\",\"url\":\"https:\/\/abbicampers.com\/politica-de-privacitat\/\",\"name\":\"Pol\u00edtica de Privacitat - ABBI Campers\",\"isPartOf\":{\"@id\":\"https:\/\/abbicampers.com\/#website\"},\"datePublished\":\"2025-03-28T19:09:49+00:00\",\"dateModified\":\"2025-12-26T01:24:08+00:00\",\"breadcrumb\":{\"@id\":\"https:\/\/abbicampers.com\/politica-de-privacitat\/#breadcrumb\"},\"inLanguage\":\"es\",\"potentialAction\":[{\"@type\":\"ReadAction\",\"target\":[\"https:\/\/abbicampers.com\/politica-de-privacitat\/\"]}]},{\"@type\":\"BreadcrumbList\",\"@id\":\"https:\/\/abbicampers.com\/politica-de-privacitat\/#breadcrumb\",\"itemListElement\":[{\"@type\":\"ListItem\",\"position\":1,\"name\":\"Portada\",\"item\":\"https:\/\/abbicampers.com\/\"},{\"@type\":\"ListItem\",\"position\":2,\"name\":\"Pol\u00edtica de Privacitat\"}]},{\"@type\":\"WebSite\",\"@id\":\"https:\/\/abbicampers.com\/#website\",\"url\":\"https:\/\/abbicampers.com\/\",\"name\":\"ABBI Campers\",\"description\":\"Lloga la teva autocaravana familiar a Barcelona\",\"potentialAction\":[{\"@type\":\"SearchAction\",\"target\":{\"@type\":\"EntryPoint\",\"urlTemplate\":\"https:\/\/abbicampers.com\/?s={search_term_string}\"},\"query-input\":{\"@type\":\"PropertyValueSpecification\",\"valueRequired\":true,\"valueName\":\"search_term_string\"}}],\"inLanguage\":\"es\"}]}<\/script>\n<!-- \/ Yoast SEO plugin. -->","yoast_head_json":{"title":"Pol\u00edtica de Privacitat - ABBI Campers","robots":{"index":"index","follow":"follow","max-snippet":"max-snippet:-1","max-image-preview":"max-image-preview:large","max-video-preview":"max-video-preview:-1"},"canonical":"https:\/\/abbicampers.com\/es\/politica-de-privacitat\/","og_locale":"es_ES","og_type":"article","og_title":"Pol\u00edtica de Privacitat - ABBI Campers","og_description":"1.- INFORMACI\u00d3 A L\u2019USUARI El lloc web informa els usuaris del lloc web sobre la seva pol\u00edtica respecte al tractament i protecci\u00f3 de les dades de car\u00e0cter personal dels usuaris i clients que puguin ser sol\u00b7licitades durant la navegaci\u00f3 pel seu lloc web. El lloc web \u00e9s el Responsable del tractament de les dades personals [&hellip;]","og_url":"https:\/\/abbicampers.com\/es\/politica-de-privacitat\/","og_site_name":"ABBI Campers","article_modified_time":"2025-12-26T01:24:08+00:00","twitter_card":"summary_large_image","twitter_misc":{"Tiempo de lectura":"3 minutos"},"schema":{"@context":"https:\/\/schema.org","@graph":[{"@type":"WebPage","@id":"https:\/\/abbicampers.com\/politica-de-privacitat\/","url":"https:\/\/abbicampers.com\/politica-de-privacitat\/","name":"Pol\u00edtica de Privacitat - ABBI Campers","isPartOf":{"@id":"https:\/\/abbicampers.com\/#website"},"datePublished":"2025-03-28T19:09:49+00:00","dateModified":"2025-12-26T01:24:08+00:00","breadcrumb":{"@id":"https:\/\/abbicampers.com\/politica-de-privacitat\/#breadcrumb"},"inLanguage":"es","potentialAction":[{"@type":"ReadAction","target":["https:\/\/abbicampers.com\/politica-de-privacitat\/"]}]},{"@type":"BreadcrumbList","@id":"https:\/\/abbicampers.com\/politica-de-privacitat\/#breadcrumb","itemListElement":[{"@type":"ListItem","position":1,"name":"Portada","item":"https:\/\/abbicampers.com\/"},{"@type":"ListItem","position":2,"name":"Pol\u00edtica de Privacitat"}]},{"@type":"WebSite","@id":"https:\/\/abbicampers.com\/#website","url":"https:\/\/abbicampers.com\/","name":"ABBI Campers","description":"Lloga la teva autocaravana familiar a Barcelona","potentialAction":[{"@type":"SearchAction","target":{"@type":"EntryPoint","urlTemplate":"https:\/\/abbicampers.com\/?s={search_term_string}"},"query-input":{"@type":"PropertyValueSpecification","valueRequired":true,"valueName":"search_term_string"}}],"inLanguage":"es"}]}},"_links":{"self":[{"href":"https:\/\/abbicampers.com\/es\/wp-json\/wp\/v2\/pages\/30","targetHints":{"allow":["GET"]}}],"collection":[{"href":"https:\/\/abbicampers.com\/es\/wp-json\/wp\/v2\/pages"}],"about":[{"href":"https:\/\/abbicampers.com\/es\/wp-json\/wp\/v2\/types\/page"}],"author":[{"embeddable":true,"href":"https:\/\/abbicampers.com\/es\/wp-json\/wp\/v2\/users\/1"}],"replies":[{"embeddable":true,"href":"https:\/\/abbicampers.com\/es\/wp-json\/wp\/v2\/comments?post=30"}],"version-history":[{"count":15,"href":"https:\/\/abbicampers.com\/es\/wp-json\/wp\/v2\/pages\/30\/revisions"}],"predecessor-version":[{"id":819,"href":"https:\/\/abbicampers.com\/es\/wp-json\/wp\/v2\/pages\/30\/revisions\/819"}],"wp:attachment":[{"href":"https:\/\/abbicampers.com\/es\/wp-json\/wp\/v2\/media?parent=30"}],"curies":[{"name":"wp","href":"https:\/\/api.w.org\/{rel}","templated":true}]}}